{"id":3,"date":"2019-06-24T14:31:18","date_gmt":"2019-06-24T14:31:18","guid":{"rendered":"https:\/\/themes.muffingroup.com\/be\/factory2\/?page_id=3"},"modified":"2022-03-17T12:12:37","modified_gmt":"2022-03-17T09:12:37","slug":"gizlilik-politikasi","status":"publish","type":"page","link":"https:\/\/www.sefsarim.com\/en\/gizlilik-politikasi\/","title":{"rendered":"Gizlilik Politikas\u0131"},"content":{"rendered":"<h2 class=\"wp-block-heading\">Who we are<\/h2>\n\n\n\n<p>sefsarim.com sitesi olarak ki\u015fisel gizlilik haklar\u0131n\u0131za sayg\u0131 duyuyor ve sitemizde ge\u00e7irdi\u011finiz s\u00fcre zarf\u0131nda bunu sa\u011flamak i\u00e7in \u00e7aba sarfediyoruz. Ki\u015fisel bilgilerinizin g\u00fcvenli\u011fi ile ilgili a\u00e7\u0131klamalar a\u015fa\u011f\u0131da a\u00e7\u0131klanm\u0131\u015f ve bilginize sunulmu\u015ftur.<\/p>\n\n\n\n<h3 class=\"wp-block-heading\">KAYIT DOSYALARI<\/h3>\n\n\n\n<p>Her web sunucusunda oldu\u011fu gibi sefsarim.com \u2018da istatistiksel ama\u00e7l\u0131 log dosyalar\u0131 kayd\u0131 tutmaktad\u0131r. Bu dosyalar; ip adresiniz, internet servis sa\u011flay\u0131c\u0131n\u0131z, taray\u0131c\u0131n\u0131z\u0131n \u00f6zellikleri, i\u015fletim sisteminiz ve siteye giri\u015f-\u00e7\u0131k\u0131\u015f sayfalar\u0131n\u0131z gibi standart bilgileri i\u00e7ermektedir. Log dosyalar\u0131 kesinlikle istatistiksel ama\u00e7lar d\u0131\u015f\u0131nda kullan\u0131lmamakta ve mahremiyetinizi ihlal etmemektedir.I p adresiniz ve di\u011fer bilgiler, \u015fahsi bilgileriniz ile ili\u015fkilendirilmemektedir.<\/p>\n\n\n\n<h3 class=\"wp-block-heading\">\u00c7EREZLER (COOK\u0130ES)<\/h3>\n\n\n\n<p>\u201cCookie \u2013 \u00c7erez\u201d kelimesi web sayfas\u0131 sunucusunun sizin bilgisayar\u0131n\u0131z\u0131n harddiskine yerle\u015ftirdi\u011fi ufak bir metin dosyas\u0131n\u0131 tan\u0131mlamak i\u00e7in kullan\u0131lmaktad\u0131r. Sitemizin baz\u0131 b\u00f6l\u00fcmlerinde kullan\u0131c\u0131 kolayl\u0131\u011f\u0131 sa\u011flamak i\u00e7in \u00e7erez kullan\u0131l\u0131yor olabilir. Bu tamamen sizin izninizle ger\u00e7ekle\u015fiyor olup, iste\u011finiz dahilinde internet taray\u0131c\u0131n\u0131z\u0131n ayarlar\u0131n\u0131 de\u011fi\u015ftirerek bunu engellemeniz m\u00fcmk\u00fcnd\u00fcr.<\/p>\n\n\n\n<h3 class=\"wp-block-heading\">DI\u015e BA\u011eLANTILAR<\/h3>\n\n\n\n<p>sefsarim.com sitesi, sayfalar\u0131ndan farkl\u0131 internet adreslerine ba\u011flant\u0131 vermektedir. sefsarim.com link verdi\u011fi sitelerin i\u00e7eriklerinden veya gizlilik prensiplerinden sorumlu de\u011fildir. Burada bahsedilen ba\u011flant\u0131 verme i\u015flemi, hukuki olarak \u201cat\u0131fta bulunma\u201d olarak de\u011ferlendirilmektedir.<\/p>\n\n\n\n<h3 class=\"wp-block-heading\">CONTACT<\/h3>\n\n\n\n<p>sefsarim.com sitesinde uygulanan gizlilik politikas\u0131 ile ilgili; her t\u00fcrl\u00fc soru, g\u00f6r\u00fc\u015f ve d\u00fc\u015f\u00fcncelerinizi bize info@www.sefsarim.com.tr adresinden iletebilirsiniz.<\/p>","protected":false},"excerpt":{"rendered":"<p>Who we are sefsarim.com sitesi olarak ki\u015fisel gizlilik haklar\u0131n\u0131za sayg\u0131 duyuyor ve sitemizde ge\u00e7irdi\u011finiz s\u00fcre zarf\u0131nda bunu sa\u011flamak i\u00e7in \u00e7aba sarfediyoruz. Ki\u015fisel bilgilerinizin g\u00fcvenli\u011fi ile ilgili<span class=\"excerpt-hellip\"> [\u2026]<\/span><\/p>","protected":false},"author":1,"featured_media":0,"parent":0,"menu_order":0,"comment_status":"closed","ping_status":"open","template":"","meta":{"footnotes":""},"class_list":["post-3","page","type-page","status-publish","hentry"],"yoast_head":"<!-- This site is optimized with the Yoast SEO plugin v26.7 - https:\/\/yoast.com\/wordpress\/plugins\/seo\/ -->\n<title>Gizlilik Politikas\u0131 - \u015eef Sar\u0131m<\/title>\n<meta name=\"robots\" content=\"index, follow, max-snippet:-1, max-image-preview:large, max-video-preview:-1\" \/>\n<link rel=\"canonical\" href=\"https:\/\/www.sefsarim.com\/en\/gizlilik-politikasi\/\" \/>\n<meta property=\"og:locale\" content=\"en_US\" \/>\n<meta property=\"og:type\" content=\"article\" \/>\n<meta property=\"og:title\" content=\"Gizlilik Politikas\u0131 - \u015eef Sar\u0131m\" \/>\n<meta property=\"og:description\" content=\"Who we are sefsarim.com sitesi olarak ki\u015fisel gizlilik haklar\u0131n\u0131za sayg\u0131 duyuyor ve sitemizde ge\u00e7irdi\u011finiz s\u00fcre zarf\u0131nda bunu sa\u011flamak i\u00e7in \u00e7aba sarfediyoruz. Ki\u015fisel bilgilerinizin g\u00fcvenli\u011fi ile ilgili [\u2026]\" \/>\n<meta property=\"og:url\" content=\"https:\/\/www.sefsarim.com\/en\/gizlilik-politikasi\/\" \/>\n<meta property=\"og:site_name\" content=\"\u015eef Sar\u0131m\" \/>\n<meta property=\"article:modified_time\" content=\"2022-03-17T09:12:37+00:00\" \/>\n<meta property=\"og:image\" content=\"https:\/\/www.sefsarim.com\/wp-content\/uploads\/2022\/03\/s\u0327ef-lo.png\" \/>\n\t<meta property=\"og:image:width\" content=\"991\" \/>\n\t<meta property=\"og:image:height\" content=\"1069\" \/>\n\t<meta property=\"og:image:type\" content=\"image\/png\" \/>\n<meta name=\"twitter:card\" content=\"summary_large_image\" \/>\n<meta name=\"twitter:label1\" content=\"Est. reading time\" \/>\n\t<meta name=\"twitter:data1\" content=\"2 minutes\" \/>\n<script type=\"application\/ld+json\" class=\"yoast-schema-graph\">{\"@context\":\"https:\/\/schema.org\",\"@graph\":[{\"@type\":\"WebPage\",\"@id\":\"https:\/\/www.sefsarim.com\/gizlilik-politikasi\/\",\"url\":\"https:\/\/www.sefsarim.com\/gizlilik-politikasi\/\",\"name\":\"Gizlilik Politikas\u0131 - \u015eef Sar\u0131m\",\"isPartOf\":{\"@id\":\"https:\/\/www.sefsarim.com\/#website\"},\"datePublished\":\"2019-06-24T14:31:18+00:00\",\"dateModified\":\"2022-03-17T09:12:37+00:00\",\"breadcrumb\":{\"@id\":\"https:\/\/www.sefsarim.com\/gizlilik-politikasi\/#breadcrumb\"},\"inLanguage\":\"en-US\",\"potentialAction\":[{\"@type\":\"ReadAction\",\"target\":[\"https:\/\/www.sefsarim.com\/gizlilik-politikasi\/\"]}]},{\"@type\":\"BreadcrumbList\",\"@id\":\"https:\/\/www.sefsarim.com\/gizlilik-politikasi\/#breadcrumb\",\"itemListElement\":[{\"@type\":\"ListItem\",\"position\":1,\"name\":\"Ana sayfa\",\"item\":\"https:\/\/www.sefsarim.com\/\"},{\"@type\":\"ListItem\",\"position\":2,\"name\":\"Gizlilik Politikas\u0131\"}]},{\"@type\":\"WebSite\",\"@id\":\"https:\/\/www.sefsarim.com\/#website\",\"url\":\"https:\/\/www.sefsarim.com\/\",\"name\":\"\u015eef Sar\u0131m\",\"description\":\"Motor Sar\u0131m, Bak\u0131m, Onar\u0131m\",\"publisher\":{\"@id\":\"https:\/\/www.sefsarim.com\/#organization\"},\"potentialAction\":[{\"@type\":\"SearchAction\",\"target\":{\"@type\":\"EntryPoint\",\"urlTemplate\":\"https:\/\/www.sefsarim.com\/?s={search_term_string}\"},\"query-input\":{\"@type\":\"PropertyValueSpecification\",\"valueRequired\":true,\"valueName\":\"search_term_string\"}}],\"inLanguage\":\"en-US\"},{\"@type\":\"Organization\",\"@id\":\"https:\/\/www.sefsarim.com\/#organization\",\"name\":\"\u015eef Sar\u0131m\",\"url\":\"https:\/\/www.sefsarim.com\/\",\"logo\":{\"@type\":\"ImageObject\",\"inLanguage\":\"en-US\",\"@id\":\"https:\/\/www.sefsarim.com\/#\/schema\/logo\/image\/\",\"url\":\"https:\/\/www.sefsarim.com\/wp-content\/uploads\/2022\/03\/s\u0327ef-lo.png\",\"contentUrl\":\"https:\/\/www.sefsarim.com\/wp-content\/uploads\/2022\/03\/s\u0327ef-lo.png\",\"width\":991,\"height\":1069,\"caption\":\"\u015eef Sar\u0131m\"},\"image\":{\"@id\":\"https:\/\/www.sefsarim.com\/#\/schema\/logo\/image\/\"},\"sameAs\":[\"https:\/\/www.linkedin.com\/company\/sef-sarim\"]}]}<\/script>\n<!-- \/ Yoast SEO plugin. -->","yoast_head_json":{"title":"Gizlilik Politikas\u0131 - \u015eef Sar\u0131m","robots":{"index":"index","follow":"follow","max-snippet":"max-snippet:-1","max-image-preview":"max-image-preview:large","max-video-preview":"max-video-preview:-1"},"canonical":"https:\/\/www.sefsarim.com\/en\/gizlilik-politikasi\/","og_locale":"en_US","og_type":"article","og_title":"Gizlilik Politikas\u0131 - \u015eef Sar\u0131m","og_description":"Who we are sefsarim.com sitesi olarak ki\u015fisel gizlilik haklar\u0131n\u0131za sayg\u0131 duyuyor ve sitemizde ge\u00e7irdi\u011finiz s\u00fcre zarf\u0131nda bunu sa\u011flamak i\u00e7in \u00e7aba sarfediyoruz. Ki\u015fisel bilgilerinizin g\u00fcvenli\u011fi ile ilgili [\u2026]","og_url":"https:\/\/www.sefsarim.com\/en\/gizlilik-politikasi\/","og_site_name":"\u015eef Sar\u0131m","article_modified_time":"2022-03-17T09:12:37+00:00","og_image":[{"width":991,"height":1069,"url":"https:\/\/www.sefsarim.com\/wp-content\/uploads\/2022\/03\/s\u0327ef-lo.png","type":"image\/png"}],"twitter_card":"summary_large_image","twitter_misc":{"Est. reading time":"2 minutes"},"schema":{"@context":"https:\/\/schema.org","@graph":[{"@type":"WebPage","@id":"https:\/\/www.sefsarim.com\/gizlilik-politikasi\/","url":"https:\/\/www.sefsarim.com\/gizlilik-politikasi\/","name":"Gizlilik Politikas\u0131 - \u015eef Sar\u0131m","isPartOf":{"@id":"https:\/\/www.sefsarim.com\/#website"},"datePublished":"2019-06-24T14:31:18+00:00","dateModified":"2022-03-17T09:12:37+00:00","breadcrumb":{"@id":"https:\/\/www.sefsarim.com\/gizlilik-politikasi\/#breadcrumb"},"inLanguage":"en-US","potentialAction":[{"@type":"ReadAction","target":["https:\/\/www.sefsarim.com\/gizlilik-politikasi\/"]}]},{"@type":"BreadcrumbList","@id":"https:\/\/www.sefsarim.com\/gizlilik-politikasi\/#breadcrumb","itemListElement":[{"@type":"ListItem","position":1,"name":"Ana sayfa","item":"https:\/\/www.sefsarim.com\/"},{"@type":"ListItem","position":2,"name":"Gizlilik Politikas\u0131"}]},{"@type":"WebSite","@id":"https:\/\/www.sefsarim.com\/#website","url":"https:\/\/www.sefsarim.com\/","name":"\u015eef Sar\u0131m","description":"Motor Sar\u0131m, Bak\u0131m, Onar\u0131m","publisher":{"@id":"https:\/\/www.sefsarim.com\/#organization"},"potentialAction":[{"@type":"SearchAction","target":{"@type":"EntryPoint","urlTemplate":"https:\/\/www.sefsarim.com\/?s={search_term_string}"},"query-input":{"@type":"PropertyValueSpecification","valueRequired":true,"valueName":"search_term_string"}}],"inLanguage":"en-US"},{"@type":"Organization","@id":"https:\/\/www.sefsarim.com\/#organization","name":"\u015eef Sar\u0131m","url":"https:\/\/www.sefsarim.com\/","logo":{"@type":"ImageObject","inLanguage":"en-US","@id":"https:\/\/www.sefsarim.com\/#\/schema\/logo\/image\/","url":"https:\/\/www.sefsarim.com\/wp-content\/uploads\/2022\/03\/s\u0327ef-lo.png","contentUrl":"https:\/\/www.sefsarim.com\/wp-content\/uploads\/2022\/03\/s\u0327ef-lo.png","width":991,"height":1069,"caption":"\u015eef Sar\u0131m"},"image":{"@id":"https:\/\/www.sefsarim.com\/#\/schema\/logo\/image\/"},"sameAs":["https:\/\/www.linkedin.com\/company\/sef-sarim"]}]}},"_links":{"self":[{"href":"https:\/\/www.sefsarim.com\/en\/wp-json\/wp\/v2\/pages\/3","targetHints":{"allow":["GET"]}}],"collection":[{"href":"https:\/\/www.sefsarim.com\/en\/wp-json\/wp\/v2\/pages"}],"about":[{"href":"https:\/\/www.sefsarim.com\/en\/wp-json\/wp\/v2\/types\/page"}],"author":[{"embeddable":true,"href":"https:\/\/www.sefsarim.com\/en\/wp-json\/wp\/v2\/users\/1"}],"replies":[{"embeddable":true,"href":"https:\/\/www.sefsarim.com\/en\/wp-json\/wp\/v2\/comments?post=3"}],"version-history":[{"count":0,"href":"https:\/\/www.sefsarim.com\/en\/wp-json\/wp\/v2\/pages\/3\/revisions"}],"wp:attachment":[{"href":"https:\/\/www.sefsarim.com\/en\/wp-json\/wp\/v2\/media?parent=3"}],"curies":[{"name":"wp","href":"https:\/\/api.w.org\/{rel}","templated":true}]}}