{"id":158,"date":"2022-03-17T13:00:59","date_gmt":"2022-03-17T10:00:59","guid":{"rendered":"https:\/\/www.sefsarim.com\/?page_id=158"},"modified":"2022-03-17T13:01:03","modified_gmt":"2022-03-17T10:01:03","slug":"sirket-politikamiz","status":"publish","type":"page","link":"https:\/\/www.sefsarim.com\/en\/sirket-politikamiz\/","title":{"rendered":"Our Company Policy"},"content":{"rendered":"<p>Our company which operates according to legislation and legal terms in electrical motors winding and repair business implements its quality production and service approach at the top level by taking International Standards and principles as baseline.<\/p>\n\n\n\n<p class=\"translation-block\">According to management by objectives philosophy, risks and environmental impacts of our activities, we have built and applied an integrated management system for Quality, Environment, Occupational Health, and Safety subjects in order to prevent pollution, injury and health impairment.<\/p>\n\n\n\n<p class=\"translation-block\">Our policy to fulfill these targets is to meet Quality, Environment, Occupational Health, and Safety Systems requirements and increase customer and employee satisfaction.<\/p>\n\n\n\n<p>As a company, our Environmental Management policy is: to fulfill legislation terms regarding the environment, to decrease the wastes to minimum levels by using the natural resources efficiently and to use the most improved technology to prevent environmental pollution and continuously increase our performance accordingly.<\/p>\n\n\n\n<p>Our Occupational Health and Safety policy is: to fulfill Occupational Health and Safety legislation terms, take safety precautions in the work area, work through to make employees internalize and take care of the Occupational Health and Safety Management System and improve our performance on them continuously.<\/p>\n\n\n\n<p>The goal of our policy is to meet the needs and expectations of our customers by using high technology, information, and experience with our team which can find quick and accurate solutions for winding and repair of electric motors and transformers.<\/p>\n\n\n\n<p>Our basic principle is to satisfy our customers\u2019 fair price, quality production and delivery on time expectations with care, attentive and minimum fault by using the best quality products of world brands.<\/p>\n\n\n\n<p>Continuity of the integrated management system is essential thanks to the continuous training of all stage employees.<\/p>\n\n\n\n<p>Conformity to integrated management system terms and continuous improvement of its effectiveness shall be maintained.<\/p>\n\n\n\n<p>While implementing all these activities, our principle to respect nature is an integral part of our main policy.<\/p>\n\n\n\n<p>We will continue to be one of the leader companies in our sector by improving our system continuously by using our sources effectively such as our fast and safe service, protecting the environment, experienced labor force, technological infrastructure, and material.<\/p>","protected":false},"excerpt":{"rendered":"<p>Elektrik motorlar\u0131 sar\u0131m ve onar\u0131m\u0131 sekt\u00f6r\u00fcnde, mevzuat ve yasal \u015fartlara uygun olarak faaliyet g\u00f6steren kurulu\u015fumuz; Uluslararas\u0131 Standartlar ve ilkeleri esas alarak kaliteli \u00fcr\u00fcn ve hizmet anlay\u0131\u015f\u0131n\u0131<span class=\"excerpt-hellip\"> [\u2026]<\/span><\/p>","protected":false},"author":1,"featured_media":0,"parent":0,"menu_order":0,"comment_status":"closed","ping_status":"open","template":"","meta":{"footnotes":""},"class_list":["post-158","page","type-page","status-publish","hentry"],"yoast_head":"<!-- This site is optimized with the Yoast SEO plugin v26.7 - https:\/\/yoast.com\/wordpress\/plugins\/seo\/ -->\n<title>\u015eirket Politikam\u0131z - \u015eef Sar\u0131m<\/title>\n<meta name=\"robots\" content=\"index, follow, max-snippet:-1, max-image-preview:large, max-video-preview:-1\" \/>\n<link rel=\"canonical\" href=\"https:\/\/www.sefsarim.com\/en\/sirket-politikamiz\/\" \/>\n<meta property=\"og:locale\" content=\"en_US\" \/>\n<meta property=\"og:type\" content=\"article\" \/>\n<meta property=\"og:title\" content=\"\u015eirket Politikam\u0131z - \u015eef Sar\u0131m\" \/>\n<meta property=\"og:description\" content=\"Elektrik motorlar\u0131 sar\u0131m ve onar\u0131m\u0131 sekt\u00f6r\u00fcnde, mevzuat ve yasal \u015fartlara uygun olarak faaliyet g\u00f6steren kurulu\u015fumuz; Uluslararas\u0131 Standartlar ve ilkeleri esas alarak kaliteli \u00fcr\u00fcn ve hizmet anlay\u0131\u015f\u0131n\u0131 [\u2026]\" \/>\n<meta property=\"og:url\" content=\"https:\/\/www.sefsarim.com\/en\/sirket-politikamiz\/\" \/>\n<meta property=\"og:site_name\" content=\"\u015eef Sar\u0131m\" \/>\n<meta property=\"article:modified_time\" content=\"2022-03-17T10:01:03+00:00\" \/>\n<meta property=\"og:image\" content=\"https:\/\/www.sefsarim.com\/wp-content\/uploads\/2022\/03\/s\u0327ef-lo.png\" \/>\n\t<meta property=\"og:image:width\" content=\"991\" \/>\n\t<meta property=\"og:image:height\" content=\"1069\" \/>\n\t<meta property=\"og:image:type\" content=\"image\/png\" \/>\n<meta name=\"twitter:card\" content=\"summary_large_image\" \/>\n<meta name=\"twitter:label1\" content=\"Est. reading time\" \/>\n\t<meta name=\"twitter:data1\" content=\"2 minutes\" \/>\n<script type=\"application\/ld+json\" class=\"yoast-schema-graph\">{\"@context\":\"https:\/\/schema.org\",\"@graph\":[{\"@type\":\"WebPage\",\"@id\":\"https:\/\/www.sefsarim.com\/sirket-politikamiz\/\",\"url\":\"https:\/\/www.sefsarim.com\/sirket-politikamiz\/\",\"name\":\"\u015eirket Politikam\u0131z - \u015eef Sar\u0131m\",\"isPartOf\":{\"@id\":\"https:\/\/www.sefsarim.com\/#website\"},\"datePublished\":\"2022-03-17T10:00:59+00:00\",\"dateModified\":\"2022-03-17T10:01:03+00:00\",\"breadcrumb\":{\"@id\":\"https:\/\/www.sefsarim.com\/sirket-politikamiz\/#breadcrumb\"},\"inLanguage\":\"en-US\",\"potentialAction\":[{\"@type\":\"ReadAction\",\"target\":[\"https:\/\/www.sefsarim.com\/sirket-politikamiz\/\"]}]},{\"@type\":\"BreadcrumbList\",\"@id\":\"https:\/\/www.sefsarim.com\/sirket-politikamiz\/#breadcrumb\",\"itemListElement\":[{\"@type\":\"ListItem\",\"position\":1,\"name\":\"Ana sayfa\",\"item\":\"https:\/\/www.sefsarim.com\/\"},{\"@type\":\"ListItem\",\"position\":2,\"name\":\"\u015eirket Politikam\u0131z\"}]},{\"@type\":\"WebSite\",\"@id\":\"https:\/\/www.sefsarim.com\/#website\",\"url\":\"https:\/\/www.sefsarim.com\/\",\"name\":\"\u015eef Sar\u0131m\",\"description\":\"Motor Sar\u0131m, Bak\u0131m, Onar\u0131m\",\"publisher\":{\"@id\":\"https:\/\/www.sefsarim.com\/#organization\"},\"potentialAction\":[{\"@type\":\"SearchAction\",\"target\":{\"@type\":\"EntryPoint\",\"urlTemplate\":\"https:\/\/www.sefsarim.com\/?s={search_term_string}\"},\"query-input\":{\"@type\":\"PropertyValueSpecification\",\"valueRequired\":true,\"valueName\":\"search_term_string\"}}],\"inLanguage\":\"en-US\"},{\"@type\":\"Organization\",\"@id\":\"https:\/\/www.sefsarim.com\/#organization\",\"name\":\"\u015eef Sar\u0131m\",\"url\":\"https:\/\/www.sefsarim.com\/\",\"logo\":{\"@type\":\"ImageObject\",\"inLanguage\":\"en-US\",\"@id\":\"https:\/\/www.sefsarim.com\/#\/schema\/logo\/image\/\",\"url\":\"https:\/\/www.sefsarim.com\/wp-content\/uploads\/2022\/03\/s\u0327ef-lo.png\",\"contentUrl\":\"https:\/\/www.sefsarim.com\/wp-content\/uploads\/2022\/03\/s\u0327ef-lo.png\",\"width\":991,\"height\":1069,\"caption\":\"\u015eef Sar\u0131m\"},\"image\":{\"@id\":\"https:\/\/www.sefsarim.com\/#\/schema\/logo\/image\/\"},\"sameAs\":[\"https:\/\/www.linkedin.com\/company\/sef-sarim\"]}]}<\/script>\n<!-- \/ Yoast SEO plugin. -->","yoast_head_json":{"title":"\u015eirket Politikam\u0131z - \u015eef Sar\u0131m","robots":{"index":"index","follow":"follow","max-snippet":"max-snippet:-1","max-image-preview":"max-image-preview:large","max-video-preview":"max-video-preview:-1"},"canonical":"https:\/\/www.sefsarim.com\/en\/sirket-politikamiz\/","og_locale":"en_US","og_type":"article","og_title":"\u015eirket Politikam\u0131z - \u015eef Sar\u0131m","og_description":"Elektrik motorlar\u0131 sar\u0131m ve onar\u0131m\u0131 sekt\u00f6r\u00fcnde, mevzuat ve yasal \u015fartlara uygun olarak faaliyet g\u00f6steren kurulu\u015fumuz; Uluslararas\u0131 Standartlar ve ilkeleri esas alarak kaliteli \u00fcr\u00fcn ve hizmet anlay\u0131\u015f\u0131n\u0131 [\u2026]","og_url":"https:\/\/www.sefsarim.com\/en\/sirket-politikamiz\/","og_site_name":"\u015eef Sar\u0131m","article_modified_time":"2022-03-17T10:01:03+00:00","og_image":[{"width":991,"height":1069,"url":"https:\/\/www.sefsarim.com\/wp-content\/uploads\/2022\/03\/s\u0327ef-lo.png","type":"image\/png"}],"twitter_card":"summary_large_image","twitter_misc":{"Est. reading time":"2 minutes"},"schema":{"@context":"https:\/\/schema.org","@graph":[{"@type":"WebPage","@id":"https:\/\/www.sefsarim.com\/sirket-politikamiz\/","url":"https:\/\/www.sefsarim.com\/sirket-politikamiz\/","name":"\u015eirket Politikam\u0131z - \u015eef Sar\u0131m","isPartOf":{"@id":"https:\/\/www.sefsarim.com\/#website"},"datePublished":"2022-03-17T10:00:59+00:00","dateModified":"2022-03-17T10:01:03+00:00","breadcrumb":{"@id":"https:\/\/www.sefsarim.com\/sirket-politikamiz\/#breadcrumb"},"inLanguage":"en-US","potentialAction":[{"@type":"ReadAction","target":["https:\/\/www.sefsarim.com\/sirket-politikamiz\/"]}]},{"@type":"BreadcrumbList","@id":"https:\/\/www.sefsarim.com\/sirket-politikamiz\/#breadcrumb","itemListElement":[{"@type":"ListItem","position":1,"name":"Ana sayfa","item":"https:\/\/www.sefsarim.com\/"},{"@type":"ListItem","position":2,"name":"\u015eirket Politikam\u0131z"}]},{"@type":"WebSite","@id":"https:\/\/www.sefsarim.com\/#website","url":"https:\/\/www.sefsarim.com\/","name":"\u015eef Sar\u0131m","description":"Motor Sar\u0131m, Bak\u0131m, Onar\u0131m","publisher":{"@id":"https:\/\/www.sefsarim.com\/#organization"},"potentialAction":[{"@type":"SearchAction","target":{"@type":"EntryPoint","urlTemplate":"https:\/\/www.sefsarim.com\/?s={search_term_string}"},"query-input":{"@type":"PropertyValueSpecification","valueRequired":true,"valueName":"search_term_string"}}],"inLanguage":"en-US"},{"@type":"Organization","@id":"https:\/\/www.sefsarim.com\/#organization","name":"\u015eef Sar\u0131m","url":"https:\/\/www.sefsarim.com\/","logo":{"@type":"ImageObject","inLanguage":"en-US","@id":"https:\/\/www.sefsarim.com\/#\/schema\/logo\/image\/","url":"https:\/\/www.sefsarim.com\/wp-content\/uploads\/2022\/03\/s\u0327ef-lo.png","contentUrl":"https:\/\/www.sefsarim.com\/wp-content\/uploads\/2022\/03\/s\u0327ef-lo.png","width":991,"height":1069,"caption":"\u015eef Sar\u0131m"},"image":{"@id":"https:\/\/www.sefsarim.com\/#\/schema\/logo\/image\/"},"sameAs":["https:\/\/www.linkedin.com\/company\/sef-sarim"]}]}},"_links":{"self":[{"href":"https:\/\/www.sefsarim.com\/en\/wp-json\/wp\/v2\/pages\/158","targetHints":{"allow":["GET"]}}],"collection":[{"href":"https:\/\/www.sefsarim.com\/en\/wp-json\/wp\/v2\/pages"}],"about":[{"href":"https:\/\/www.sefsarim.com\/en\/wp-json\/wp\/v2\/types\/page"}],"author":[{"embeddable":true,"href":"https:\/\/www.sefsarim.com\/en\/wp-json\/wp\/v2\/users\/1"}],"replies":[{"embeddable":true,"href":"https:\/\/www.sefsarim.com\/en\/wp-json\/wp\/v2\/comments?post=158"}],"version-history":[{"count":0,"href":"https:\/\/www.sefsarim.com\/en\/wp-json\/wp\/v2\/pages\/158\/revisions"}],"wp:attachment":[{"href":"https:\/\/www.sefsarim.com\/en\/wp-json\/wp\/v2\/media?parent=158"}],"curies":[{"name":"wp","href":"https:\/\/api.w.org\/{rel}","templated":true}]}}