{"id":156,"date":"2022-03-17T12:54:13","date_gmt":"2022-03-17T09:54:13","guid":{"rendered":"https:\/\/www.sefsarim.com\/?page_id=156"},"modified":"2022-04-14T13:41:41","modified_gmt":"2022-04-14T10:41:41","slug":"rusvet-ve-yolsuzluk-ile-mucadele-politikasi","status":"publish","type":"page","link":"https:\/\/www.sefsarim.com\/en\/rusvet-ve-yolsuzluk-ile-mucadele-politikasi\/","title":{"rendered":"Fight Against Bribery and Corruption Policy"},"content":{"rendered":"<h3 class=\"wp-block-heading\">Purpose<\/h3>\n\n\n\n<p>\u015eef Sar\u0131m San. Ve Tic. Ltd. \u015eti (hereinafter referred to as \u015eef Sar\u0131m) aims to clearly declare its approach against bribery and corruption, to protect the corporate image and to comply with legislative regulations, ethical and professional codes of ethics laws against bribery and corruption with this policy.<\/p>\n\n\n\n<p>It has also aimed to make necessary communication to prevent bribery and corruption within all the company activities and to describe responsibilities and rules in this regard.<\/p>\n\n\n\n<h3 class=\"wp-block-heading\">Scope<\/h3>\n\n\n\n<p>Fight Against Bribery and Corruption Policy does not only comprise \u015eef Sar\u0131m employees but is also related to all partners that provide service to \u015eef Sar\u0131m.<\/p>\n\n\n\n<p>In this direction;<\/p>\n\n\n\n<ul class=\"wp-block-list\"><li>All company employees,<\/li><li>Service supplier companies such as consultancy, attorney, etc. and their employees,<\/li><li>Outsource service companies (supplier, vendor, etc.) and their employees,<\/li><\/ul>\n\n\n\n<p>are in the scope of the policy.<\/p>\n\n\n\n<h3 class=\"wp-block-heading\">Descriptions<\/h3>\n\n\n\n<p class=\"translation-block\">Bribery: It defines that a person himself or the one pointed by him gets material or moral, directly or indirectly benefit from another party within scope of a contract or verbally in order to implement an activity outside the ordinary job flow or sake of duty such as doing or not doing a job, speeding up and slowing down. The bribe can be in many ways such as cash money, gift, event invitation or ticket, debt forgiveness, grant in aid.<\/p>\n\n\n\n<p class=\"translation-block\">Corruption: It defines misconduct of authorization arising from the position by using direct or indirect ways in order to get personal material or moral benefit.<\/p>\n\n\n\n<h3 class=\"wp-block-heading\">Authority and Responsibilities<\/h3>\n\n\n\n<p>Top Management is responsible for building up the Fight against Bribery and Corruption Policy, implementation and updating.<\/p>\n\n\n\n<p>Managers should ensure that the principles in this policy document are well understood, implemented and sustained by their partners and their personnel.<\/p>\n\n\n\n<p>All employees and partners should act in compliance with this policy document. Employees and partners cannot be forced to act contrary to this policy in any case and by anybody.<\/p>\n\n\n\n<p>Everybody is responsible to report any breach of the rule regarding fight against bribery and corruption.<\/p>\n\n\n\n<h3 class=\"wp-block-heading\">Policy<\/h3>\n\n\n\n<p>\u015eef Sar\u0131m has the principle to conform laws and regulations, universal laws, ethical and occupational principles in all countries that it is active and represented.<\/p>\n\n\n\n<p>According to this principle, it undertakes to continue its activities in a fair, honest and legal way with the \u201czero tolerance\u201d against the bribe and corruption approach.<\/p>\n\n\n\n<p>Even if it is in favor of \u015eef Sar\u0131m, it is forbidden to make a payment or offer anything valuable for getting a benefit that is not legal or ethic, get similar benefit from other corporates or person, be in any act that can be evaluated as illegal or non-ethic in its activity countries or business even this kind of applications are common there.<\/p>\n\n\n\n<p>It is not important whether any action is taken or not against the value of benefit subject to bribe and corruption. Even if the benefit value is small or the promise given is not realized yet, this is also defined as a wrongful act against Fight against Bribe and Corruption Policy.<\/p>\n\n\n\n<p>Employees and partners receive training and awareness educations regarding fight against bribe and corruption programs and legal necessities. Secure and accessible communication channels are provided for employees to report suspicious cases.\nAny payment to ease or speed up any kind of job is forbidden. Employees should not show tolerance and allow third parties to propose, promise, ask for, demand or give these in their relations. In case necessary approvals are not provided (specific for gift\/hospitality level or in general), it is not allowed to give a gift, accommodate or offer any other type of benefits directly or indirectly to either foreign or native, to officeholder or state officials.<\/p>\n\n\n\n<p>It is not important whether any action is taken or not against the value of benefit subject to bribe and corruption. Even if the benefit value is small or the promise given is not realized yet, this is also defined as a wrongful act against Fight against Bribe and Corruption Policy.<\/p>\n\n\n\n<h3 class=\"wp-block-heading\">Witnessing or Getting Suspicious about Bribe and Corruption<\/h3>\n\n\n\n<p>All \u015eef Sar\u0131m employees are responsible to report bribe and corruption they witness or suspicious subjects to their managers without losing time. Some examples of these cases are as follows:<\/p>\n\n\n\n<p>\u2013 Offering bribe to you or to your colleagues<\/p>\n\n\n\n<p>\u2013 Benefits or conflict of interests you witness or you know<\/p>\n\n\n\n<p>\u2013 Irregularities that you get aware in company documents<\/p>\n\n\n\n<p>\u2013 Acts and behaviors such as favoritism or benefiting you witness in tenders or procurements<\/p>\n\n\n\n<p>\u2013 Any person or establishment either inside or outside the company forcing you or your colleagues to act contrary to the policy document<\/p>\n\n\n\n<h3 class=\"wp-block-heading\">Sanctions Against Improper Actions and Attitudes<\/h3>\n\n\n\n<p>Fight against Bribe and Corruption Policy should be adopted and applied by the employees.<\/p>\n\n\n\n<p>It should be remembered that in case of breach of Fight against Bribe and Corruption Policy, sanctions may be applied including cancellation of labor contract and in most of the countries, this kind of breach has important sentences including prison.<\/p>\n\n\n\n<h3 class=\"wp-block-heading\">Training and Review<\/h3>\n\n\n\n<p>Related parties are trained regarding the fight against bribe and corruption and adopting the basics of this policy. The policy is reviewed on a regular basis, necessary updates are made and all changes are announced by notice. Updated versions of these laws are consistently and easily accessible on server.<\/p>","protected":false},"excerpt":{"rendered":"<p>AMA\u00c7 Bu politika ile \u015eef Sar\u0131m San. Ve Tic. Ltd. \u015eti\u2019 nin (Bundan sonra \u015eef Sar\u0131m olarak an\u0131lacakt\u0131r.) r\u00fc\u015fvet ve yolsuzluk konusundaki yakla\u015f\u0131m\u0131n\u0131n a\u00e7\u0131k ve net<span class=\"excerpt-hellip\"> [\u2026]<\/span><\/p>","protected":false},"author":1,"featured_media":0,"parent":0,"menu_order":0,"comment_status":"closed","ping_status":"open","template":"","meta":{"footnotes":""},"class_list":["post-156","page","type-page","status-publish","hentry"],"yoast_head":"<!-- This site is optimized with the Yoast SEO plugin v26.7 - https:\/\/yoast.com\/wordpress\/plugins\/seo\/ -->\n<title>R\u00fc\u015fvet ve Yolsuzluk ile M\u00fccadele Politikas\u0131 - \u015eef Sar\u0131m<\/title>\n<meta name=\"robots\" content=\"index, follow, max-snippet:-1, max-image-preview:large, max-video-preview:-1\" \/>\n<link rel=\"canonical\" href=\"https:\/\/www.sefsarim.com\/en\/rusvet-ve-yolsuzluk-ile-mucadele-politikasi\/\" \/>\n<meta property=\"og:locale\" content=\"en_US\" \/>\n<meta property=\"og:type\" content=\"article\" \/>\n<meta property=\"og:title\" content=\"R\u00fc\u015fvet ve Yolsuzluk ile M\u00fccadele Politikas\u0131 - \u015eef Sar\u0131m\" \/>\n<meta property=\"og:description\" content=\"AMA\u00c7 Bu politika ile \u015eef Sar\u0131m San. Ve Tic. Ltd. \u015eti\u2019 nin (Bundan sonra \u015eef Sar\u0131m olarak an\u0131lacakt\u0131r.) r\u00fc\u015fvet ve yolsuzluk konusundaki yakla\u015f\u0131m\u0131n\u0131n a\u00e7\u0131k ve net [\u2026]\" \/>\n<meta property=\"og:url\" content=\"https:\/\/www.sefsarim.com\/en\/rusvet-ve-yolsuzluk-ile-mucadele-politikasi\/\" \/>\n<meta property=\"og:site_name\" content=\"\u015eef Sar\u0131m\" \/>\n<meta property=\"article:modified_time\" content=\"2022-04-14T10:41:41+00:00\" \/>\n<meta property=\"og:image\" content=\"https:\/\/www.sefsarim.com\/wp-content\/uploads\/2022\/03\/s\u0327ef-lo.png\" \/>\n\t<meta property=\"og:image:width\" content=\"991\" \/>\n\t<meta property=\"og:image:height\" content=\"1069\" \/>\n\t<meta property=\"og:image:type\" content=\"image\/png\" \/>\n<meta name=\"twitter:card\" content=\"summary_large_image\" \/>\n<meta name=\"twitter:label1\" content=\"Est. reading time\" \/>\n\t<meta name=\"twitter:data1\" content=\"5 minutes\" \/>\n<script type=\"application\/ld+json\" class=\"yoast-schema-graph\">{\"@context\":\"https:\/\/schema.org\",\"@graph\":[{\"@type\":\"WebPage\",\"@id\":\"https:\/\/www.sefsarim.com\/rusvet-ve-yolsuzluk-ile-mucadele-politikasi\/\",\"url\":\"https:\/\/www.sefsarim.com\/rusvet-ve-yolsuzluk-ile-mucadele-politikasi\/\",\"name\":\"R\u00fc\u015fvet ve Yolsuzluk ile M\u00fccadele Politikas\u0131 - \u015eef Sar\u0131m\",\"isPartOf\":{\"@id\":\"https:\/\/www.sefsarim.com\/#website\"},\"datePublished\":\"2022-03-17T09:54:13+00:00\",\"dateModified\":\"2022-04-14T10:41:41+00:00\",\"breadcrumb\":{\"@id\":\"https:\/\/www.sefsarim.com\/rusvet-ve-yolsuzluk-ile-mucadele-politikasi\/#breadcrumb\"},\"inLanguage\":\"en-US\",\"potentialAction\":[{\"@type\":\"ReadAction\",\"target\":[\"https:\/\/www.sefsarim.com\/rusvet-ve-yolsuzluk-ile-mucadele-politikasi\/\"]}]},{\"@type\":\"BreadcrumbList\",\"@id\":\"https:\/\/www.sefsarim.com\/rusvet-ve-yolsuzluk-ile-mucadele-politikasi\/#breadcrumb\",\"itemListElement\":[{\"@type\":\"ListItem\",\"position\":1,\"name\":\"Ana sayfa\",\"item\":\"https:\/\/www.sefsarim.com\/\"},{\"@type\":\"ListItem\",\"position\":2,\"name\":\"R\u00fc\u015fvet ve Yolsuzluk ile M\u00fccadele Politikas\u0131\"}]},{\"@type\":\"WebSite\",\"@id\":\"https:\/\/www.sefsarim.com\/#website\",\"url\":\"https:\/\/www.sefsarim.com\/\",\"name\":\"\u015eef Sar\u0131m\",\"description\":\"Motor Sar\u0131m, Bak\u0131m, Onar\u0131m\",\"publisher\":{\"@id\":\"https:\/\/www.sefsarim.com\/#organization\"},\"potentialAction\":[{\"@type\":\"SearchAction\",\"target\":{\"@type\":\"EntryPoint\",\"urlTemplate\":\"https:\/\/www.sefsarim.com\/?s={search_term_string}\"},\"query-input\":{\"@type\":\"PropertyValueSpecification\",\"valueRequired\":true,\"valueName\":\"search_term_string\"}}],\"inLanguage\":\"en-US\"},{\"@type\":\"Organization\",\"@id\":\"https:\/\/www.sefsarim.com\/#organization\",\"name\":\"\u015eef Sar\u0131m\",\"url\":\"https:\/\/www.sefsarim.com\/\",\"logo\":{\"@type\":\"ImageObject\",\"inLanguage\":\"en-US\",\"@id\":\"https:\/\/www.sefsarim.com\/#\/schema\/logo\/image\/\",\"url\":\"https:\/\/www.sefsarim.com\/wp-content\/uploads\/2022\/03\/s\u0327ef-lo.png\",\"contentUrl\":\"https:\/\/www.sefsarim.com\/wp-content\/uploads\/2022\/03\/s\u0327ef-lo.png\",\"width\":991,\"height\":1069,\"caption\":\"\u015eef Sar\u0131m\"},\"image\":{\"@id\":\"https:\/\/www.sefsarim.com\/#\/schema\/logo\/image\/\"},\"sameAs\":[\"https:\/\/www.linkedin.com\/company\/sef-sarim\"]}]}<\/script>\n<!-- \/ Yoast SEO plugin. -->","yoast_head_json":{"title":"R\u00fc\u015fvet ve Yolsuzluk ile M\u00fccadele Politikas\u0131 - \u015eef Sar\u0131m","robots":{"index":"index","follow":"follow","max-snippet":"max-snippet:-1","max-image-preview":"max-image-preview:large","max-video-preview":"max-video-preview:-1"},"canonical":"https:\/\/www.sefsarim.com\/en\/rusvet-ve-yolsuzluk-ile-mucadele-politikasi\/","og_locale":"en_US","og_type":"article","og_title":"R\u00fc\u015fvet ve Yolsuzluk ile M\u00fccadele Politikas\u0131 - \u015eef Sar\u0131m","og_description":"AMA\u00c7 Bu politika ile \u015eef Sar\u0131m San. Ve Tic. Ltd. \u015eti\u2019 nin (Bundan sonra \u015eef Sar\u0131m olarak an\u0131lacakt\u0131r.) r\u00fc\u015fvet ve yolsuzluk konusundaki yakla\u015f\u0131m\u0131n\u0131n a\u00e7\u0131k ve net [\u2026]","og_url":"https:\/\/www.sefsarim.com\/en\/rusvet-ve-yolsuzluk-ile-mucadele-politikasi\/","og_site_name":"\u015eef Sar\u0131m","article_modified_time":"2022-04-14T10:41:41+00:00","og_image":[{"width":991,"height":1069,"url":"https:\/\/www.sefsarim.com\/wp-content\/uploads\/2022\/03\/s\u0327ef-lo.png","type":"image\/png"}],"twitter_card":"summary_large_image","twitter_misc":{"Est. reading time":"5 minutes"},"schema":{"@context":"https:\/\/schema.org","@graph":[{"@type":"WebPage","@id":"https:\/\/www.sefsarim.com\/rusvet-ve-yolsuzluk-ile-mucadele-politikasi\/","url":"https:\/\/www.sefsarim.com\/rusvet-ve-yolsuzluk-ile-mucadele-politikasi\/","name":"R\u00fc\u015fvet ve Yolsuzluk ile M\u00fccadele Politikas\u0131 - \u015eef Sar\u0131m","isPartOf":{"@id":"https:\/\/www.sefsarim.com\/#website"},"datePublished":"2022-03-17T09:54:13+00:00","dateModified":"2022-04-14T10:41:41+00:00","breadcrumb":{"@id":"https:\/\/www.sefsarim.com\/rusvet-ve-yolsuzluk-ile-mucadele-politikasi\/#breadcrumb"},"inLanguage":"en-US","potentialAction":[{"@type":"ReadAction","target":["https:\/\/www.sefsarim.com\/rusvet-ve-yolsuzluk-ile-mucadele-politikasi\/"]}]},{"@type":"BreadcrumbList","@id":"https:\/\/www.sefsarim.com\/rusvet-ve-yolsuzluk-ile-mucadele-politikasi\/#breadcrumb","itemListElement":[{"@type":"ListItem","position":1,"name":"Ana sayfa","item":"https:\/\/www.sefsarim.com\/"},{"@type":"ListItem","position":2,"name":"R\u00fc\u015fvet ve Yolsuzluk ile M\u00fccadele Politikas\u0131"}]},{"@type":"WebSite","@id":"https:\/\/www.sefsarim.com\/#website","url":"https:\/\/www.sefsarim.com\/","name":"\u015eef Sar\u0131m","description":"Motor Sar\u0131m, Bak\u0131m, Onar\u0131m","publisher":{"@id":"https:\/\/www.sefsarim.com\/#organization"},"potentialAction":[{"@type":"SearchAction","target":{"@type":"EntryPoint","urlTemplate":"https:\/\/www.sefsarim.com\/?s={search_term_string}"},"query-input":{"@type":"PropertyValueSpecification","valueRequired":true,"valueName":"search_term_string"}}],"inLanguage":"en-US"},{"@type":"Organization","@id":"https:\/\/www.sefsarim.com\/#organization","name":"\u015eef Sar\u0131m","url":"https:\/\/www.sefsarim.com\/","logo":{"@type":"ImageObject","inLanguage":"en-US","@id":"https:\/\/www.sefsarim.com\/#\/schema\/logo\/image\/","url":"https:\/\/www.sefsarim.com\/wp-content\/uploads\/2022\/03\/s\u0327ef-lo.png","contentUrl":"https:\/\/www.sefsarim.com\/wp-content\/uploads\/2022\/03\/s\u0327ef-lo.png","width":991,"height":1069,"caption":"\u015eef Sar\u0131m"},"image":{"@id":"https:\/\/www.sefsarim.com\/#\/schema\/logo\/image\/"},"sameAs":["https:\/\/www.linkedin.com\/company\/sef-sarim"]}]}},"_links":{"self":[{"href":"https:\/\/www.sefsarim.com\/en\/wp-json\/wp\/v2\/pages\/156","targetHints":{"allow":["GET"]}}],"collection":[{"href":"https:\/\/www.sefsarim.com\/en\/wp-json\/wp\/v2\/pages"}],"about":[{"href":"https:\/\/www.sefsarim.com\/en\/wp-json\/wp\/v2\/types\/page"}],"author":[{"embeddable":true,"href":"https:\/\/www.sefsarim.com\/en\/wp-json\/wp\/v2\/users\/1"}],"replies":[{"embeddable":true,"href":"https:\/\/www.sefsarim.com\/en\/wp-json\/wp\/v2\/comments?post=156"}],"version-history":[{"count":0,"href":"https:\/\/www.sefsarim.com\/en\/wp-json\/wp\/v2\/pages\/156\/revisions"}],"wp:attachment":[{"href":"https:\/\/www.sefsarim.com\/en\/wp-json\/wp\/v2\/media?parent=156"}],"curies":[{"name":"wp","href":"https:\/\/api.w.org\/{rel}","templated":true}]}}